{"id":702,"date":"2021-07-29T10:19:34","date_gmt":"2021-07-29T08:19:34","guid":{"rendered":"https:\/\/mx-sport.fr\/?post_type=product&#038;p=702"},"modified":"2026-01-18T15:21:27","modified_gmt":"2026-01-18T14:21:27","slug":"mx-bars-design","status":"publish","type":"product","link":"https:\/\/mx-sport.fr\/en\/product\/mx-bars-design\/","title":{"rendered":"MX-BARS Design"},"content":{"rendered":"<p class=\"p1\"><strong><span class=\"s1\">Product description :<\/span><\/strong><\/p>\n<p class=\"p1\"><strong><span class=\"s3\">-Dimensions<\/span><\/strong><span class=\"s2\"><br \/>\nDiam\u00e8tre : 4cm<br \/>\nLongueur : 57cm<br \/>\nHauteur : 16cm<br \/>\nLargeur : 20cm<br \/>\nLongueur utile (manche) : 50cm<\/span><\/p>\n<p class=\"p1\"><strong><span class=\"s3\">-Composition<\/span><\/strong><span class=\"s2\"><br \/>\nOssature et manche en bois de h\u00eatre<br \/>\nMarquage au fer \u00e0 chaud<br \/>\nPossibilit\u00e9 d&rsquo;ajouter une base en sapelli et un socle en li\u00e8ge.<\/span><\/p>\n<p class=\"p1\"><strong><span class=\"s3\">-Poids<\/span><\/strong><span class=\"s2\"><br \/>\n\u22483kg la paire de MX-Bars Design<\/span><\/p>\n<p class=\"p1\"><span class=\"s3\"><strong>-Pour la performance<\/strong>\u00a0<\/span><span class=\"s2\"><br \/>\nLes MX-Bars ont \u00e9volu\u00e9 au cours des ann\u00e9es pour correspondre aux athl\u00e8tes les plus exigeants. Le diam\u00e8tre, la stabilit\u00e9 et le grip vous conf\u00e8rent des performances in\u00e9gal\u00e9es.<\/span><\/p>\n<p class=\"p1\"><strong><span class=\"s3\">-Production eco responsable\u00a0<\/span><\/strong><span class=\"s2\"><br \/>\nLes MX-Bars sont exclusivement compos\u00e9es de mat\u00e9riaux nobles (bois de h\u00eatre, li\u00e8ge). Elles ne sont pas vernies pour des raisons \u00e9cologiques et par respect pour l&rsquo;environnement. Cela n&rsquo;affecte absolument pas sa dur\u00e9e de vie.<\/span><\/p>\n<p class=\"p1\"><span class=\"s3\"><strong>-Produit artisanal<\/strong><br \/>\n<\/span>Chaque pi\u00e8ce \u00e9tant unique et fabriqu\u00e9e \u00e0 la main, les dimensions sont susceptibles de varier l\u00e9g\u00e8rement.<\/p>","protected":false},"excerpt":{"rendered":"<p class=\"p1\"><span class=\"s1\">Les MX Bars DESIGN sont des parallettes premium, fabriqu\u00e9es \u00e0 la main dans notre atelier en Bretagne.<\/span><\/p>\n<p class=\"p1\"><span class=\"s1\">Elles sont eco responsables, et \u00e9tudi\u00e9es pour la performance sportive. Le diam\u00e8tre et le grip ont \u00e9t\u00e9 adapt\u00e9s pour limiter le stress sur les poignets, et ainsi r\u00e9duire le risque de blessures.<\/span><\/p>\n<p class=\"p1\"><span class=\"s1\">Le grand format \u00ab Design \u00bb conf\u00e8re une hauteur suppl\u00e9mentaire et une stabilit\u00e9 sans pareil. Le must pour tous les pratiquants exp\u00e9riment\u00e9s.<\/span><\/p>\n<p><strong>Pour tout achat de<em> MX Bars Design<\/em>, merci de nous contacter directement par mail ou par Instagram.<\/strong><\/p>\n<p><em>Les MX Bars design sont \u00e9ligibles \u00e0 la gravure personnalis\u00e9e. <a href=\"https:\/\/mx-sport.fr\/en\/product\/gravure-personnalisee\/\">En savoir plus<\/a><\/em><\/p>","protected":false},"featured_media":709,"comment_status":"open","ping_status":"closed","template":"","meta":[],"product_brand":[],"product_cat":[29],"product_tag":[],"class_list":{"0":"post-702","1":"product","2":"type-product","3":"status-publish","4":"has-post-thumbnail","6":"product_cat-equipement-sportif","8":"first","9":"instock","10":"shipping-taxable","11":"purchasable","12":"product-type-simple"},"_links":{"self":[{"href":"https:\/\/mx-sport.fr\/en\/wp-json\/wp\/v2\/product\/702","targetHints":{"allow":["GET"]}}],"collection":[{"href":"https:\/\/mx-sport.fr\/en\/wp-json\/wp\/v2\/product"}],"about":[{"href":"https:\/\/mx-sport.fr\/en\/wp-json\/wp\/v2\/types\/product"}],"replies":[{"embeddable":true,"href":"https:\/\/mx-sport.fr\/en\/wp-json\/wp\/v2\/comments?post=702"}],"wp:featuredmedia":[{"embeddable":true,"href":"https:\/\/mx-sport.fr\/en\/wp-json\/wp\/v2\/media\/709"}],"wp:attachment":[{"href":"https:\/\/mx-sport.fr\/en\/wp-json\/wp\/v2\/media?parent=702"}],"wp:term":[{"taxonomy":"product_brand","embeddable":true,"href":"https:\/\/mx-sport.fr\/en\/wp-json\/wp\/v2\/product_brand?post=702"},{"taxonomy":"product_cat","embeddable":true,"href":"https:\/\/mx-sport.fr\/en\/wp-json\/wp\/v2\/product_cat?post=702"},{"taxonomy":"product_tag","embeddable":true,"href":"https:\/\/mx-sport.fr\/en\/wp-json\/wp\/v2\/product_tag?post=702"}],"curies":[{"name":"wp","href":"https:\/\/api.w.org\/{rel}","templated":true}]}}