{"id":62,"date":"2020-12-30T18:10:56","date_gmt":"2020-12-30T17:10:56","guid":{"rendered":"https:\/\/mx-sport.fr\/?post_type=product&#038;p=62"},"modified":"2026-01-18T15:20:15","modified_gmt":"2026-01-18T14:20:15","slug":"mx-bars-hetre","status":"publish","type":"product","link":"https:\/\/mx-sport.fr\/en\/product\/mx-bars-hetre\/","title":{"rendered":"MX BARS (V3) \u2013 BEECH"},"content":{"rendered":"<p><strong><u>Product description :<\/u><\/strong><\/p>\n<p class=\"p1\"><span class=\"s1\">-Dimensions<\/span><span class=\"s2\"><br \/>\nDiam\u00e8tre : 4cm<br \/>\nLongueur : 25cm<br \/>\nHauteur : 8,3cm<br \/>\nLargeur : 14cm<br \/>\nLongueur utile (manche) : 20cm<\/span><\/p>\n<p class=\"p1\"><span class=\"s1\">-Composition<\/span><span class=\"s2\"><br \/>\nOssature et manche en bois de h\u00eatre<br \/>\n<\/span>Patins antid\u00e9rapants en li\u00e8ge<br \/>\n<span class=\"s2\">Marquage au fer \u00e0 chaud<\/span><\/p>\n<p class=\"p1\"><span class=\"s1\">-Poids<br \/>\n<\/span>1,3kg la paire de MX-Bars<\/p>\n<p class=\"p1\"><span class=\"s1\">-Pour la performance<br \/>\n<\/span><span class=\"s2\">Les MX-Bars ont \u00e9volu\u00e9 au cours des ann\u00e9es pour correspondre aux athl\u00e8tes les plus exigeants. Le diam\u00e8tre, la stabilit\u00e9 et le grip vous conf\u00e8rent des performances in\u00e9gal\u00e9es.<\/span><\/p>\n<p class=\"p1\"><span class=\"s1\">-Production eco responsable<br \/>\n<\/span><span class=\"s2\">Les MX-Bars sont exclusivement compos\u00e9es de mat\u00e9riaux nobles (bois de h\u00eatre, li\u00e8ge). Elles ne sont pas vernies pour des raisons \u00e9cologiques et par respect pour l&rsquo;environnement. Cela n&rsquo;affecte absolument pas sa dur\u00e9e de vie.<\/span><\/p>\n<p class=\"p1\"><span class=\"s1\">-Produit artisanal<br \/>\nChaque pi\u00e8ce \u00e9tant unique et fabriqu\u00e9e \u00e0 la main, les dimensions sont susceptibles de varier l\u00e9g\u00e8rement.<br \/>\n<\/span><\/p>","protected":false},"excerpt":{"rendered":"<p class=\"p1\"><span class=\"s1\">Les MX Bars sont des parallettes premium, fabriqu\u00e9es \u00e0 la main dans notre atelier en Bretagne.<\/span><\/p>\n<p class=\"p1\"><span class=\"s1\">Elles sont eco responsables, et \u00e9tudi\u00e9es pour la performance sportive. Le diam\u00e8tre et le grip ont \u00e9t\u00e9 adapt\u00e9s pour limiter le stress sur les poignets, et ainsi r\u00e9duire le risque de blessures.<\/span><\/p>\n<p class=\"p1\"><span class=\"s1\">Leur petit format vous garanti une transportabilit\u00e9 maximale \u00e0 un prix imbattable. Elles se glissent facilement dans un sac.<\/span><\/p>\n<p class=\"p1\"><em><span class=\"s1\">Les MX Bars sont \u00e9ligibles \u00e0 la gravure personnalis\u00e9e. <a href=\"https:\/\/mx-sport.fr\/en\/product\/gravure-personnalisee\/\"><span class=\"s2\">En savoir plus<\/span><\/a><\/span><\/em><\/p>","protected":false},"featured_media":264,"comment_status":"open","ping_status":"closed","template":"","meta":[],"product_brand":[],"product_cat":[29],"product_tag":[],"class_list":{"0":"post-62","1":"product","2":"type-product","3":"status-publish","4":"has-post-thumbnail","6":"product_cat-equipement-sportif","8":"first","9":"instock","10":"shipping-taxable","11":"purchasable","12":"product-type-simple"},"_links":{"self":[{"href":"https:\/\/mx-sport.fr\/en\/wp-json\/wp\/v2\/product\/62","targetHints":{"allow":["GET"]}}],"collection":[{"href":"https:\/\/mx-sport.fr\/en\/wp-json\/wp\/v2\/product"}],"about":[{"href":"https:\/\/mx-sport.fr\/en\/wp-json\/wp\/v2\/types\/product"}],"replies":[{"embeddable":true,"href":"https:\/\/mx-sport.fr\/en\/wp-json\/wp\/v2\/comments?post=62"}],"wp:featuredmedia":[{"embeddable":true,"href":"https:\/\/mx-sport.fr\/en\/wp-json\/wp\/v2\/media\/264"}],"wp:attachment":[{"href":"https:\/\/mx-sport.fr\/en\/wp-json\/wp\/v2\/media?parent=62"}],"wp:term":[{"taxonomy":"product_brand","embeddable":true,"href":"https:\/\/mx-sport.fr\/en\/wp-json\/wp\/v2\/product_brand?post=62"},{"taxonomy":"product_cat","embeddable":true,"href":"https:\/\/mx-sport.fr\/en\/wp-json\/wp\/v2\/product_cat?post=62"},{"taxonomy":"product_tag","embeddable":true,"href":"https:\/\/mx-sport.fr\/en\/wp-json\/wp\/v2\/product_tag?post=62"}],"curies":[{"name":"wp","href":"https:\/\/api.w.org\/{rel}","templated":true}]}}