{"id":4579,"date":"2026-02-04T13:34:15","date_gmt":"2026-02-04T12:34:15","guid":{"rendered":"https:\/\/mx-sport.fr\/?post_type=product&#038;p=4579"},"modified":"2026-02-20T11:50:31","modified_gmt":"2026-02-20T10:50:31","slug":"compression-guc-iii-edition-limitee","status":"publish","type":"product","link":"https:\/\/mx-sport.fr\/en\/product\/compression-guc-iii-edition-limitee\/","title":{"rendered":"Compression \u00ab\u00a0GUC III\u00a0\u00bb (\u00e9dition limit\u00e9e)"},"content":{"rendered":"<ul>\n<li><strong>T-Shirt Compression \u00ab\u00a0GUC III\u00a0\u00bb (\u00e9dition limit\u00e9e)<\/strong><br \/>\n90% Polyester<br \/>\n10% Spandex<\/li>\n<\/ul>\n<p>&nbsp;<\/p>\n<ul>\n<li><strong>Washing Instructions :<\/strong><br \/>\nLavage \u00e0 40 degr\u00e9s MAXIMUM. Laver les couleurs semblables ensemble. Ne pas utiliser de Javel. Ne pas s\u00e9cher au s\u00e8che-linge. Repassage doux. Ne pas nettoyer \u00e0 sec. Ne pas repasser sur les flocages.<\/li>\n<\/ul>","protected":false},"excerpt":{"rendered":"<p><strong>Le t-shirt officiel de la Gravity Urban Cup III. <\/strong><\/p>\n<p><strong>Made for elite athletes.\u00a0<\/strong><\/p>\n<p>-Coupe aff\u00fbt\u00e9e pour les silhouettes sportives<\/p>\n<p>-Tissu respirant pour l&rsquo;entra\u00eenement<\/p>\n<p>&nbsp;<\/p>\n<p>Le tshirt de pr\u00e9sentation a \u00e9t\u00e9 personnalis\u00e9 avec le pr\u00e9nom des athl\u00e8tes de la comp\u00e9tition.<\/p>\n<p>Le tshirt que vous recevrez sera floqu\u00e9 \u00ab\u00a0Calisthenics Athlete\u00a0\u00bb et non \u00ab\u00a0Erwan Athlete\u00a0\u00bb.<\/p>\n<p>&nbsp;<\/p>\n<p><strong>Chaque achat est un soutien direct \u00e0 l&rsquo;association Gravity<\/strong>\u00a0\u2764\ufe0f<\/p>","protected":false},"featured_media":4625,"comment_status":"open","ping_status":"closed","template":"","meta":[],"product_brand":[],"product_cat":[28],"product_tag":[47,96,83,98,71,95,93,97,72,82,81,73,59,60,44,84,94,99],"class_list":{"0":"post-4579","1":"product","2":"type-product","3":"status-publish","4":"has-post-thumbnail","6":"product_cat-vetements","7":"product_tag-47","8":"product_tag-96","9":"product_tag-blanc","10":"product_tag-brest","11":"product_tag-compression","12":"product_tag-cup","13":"product_tag-guc","14":"product_tag-iii","15":"product_tag-moulant","16":"product_tag-noir","17":"product_tag-rouge","18":"product_tag-shredd","19":"product_tag-street","20":"product_tag-street-workout","21":"product_tag-t-shirt","22":"product_tag-tshirt","23":"product_tag-urban","24":"product_tag-zone","26":"first","27":"instock","28":"shipping-taxable","29":"purchasable","30":"product-type-variable","31":"has-default-attributes"},"_links":{"self":[{"href":"https:\/\/mx-sport.fr\/en\/wp-json\/wp\/v2\/product\/4579","targetHints":{"allow":["GET"]}}],"collection":[{"href":"https:\/\/mx-sport.fr\/en\/wp-json\/wp\/v2\/product"}],"about":[{"href":"https:\/\/mx-sport.fr\/en\/wp-json\/wp\/v2\/types\/product"}],"replies":[{"embeddable":true,"href":"https:\/\/mx-sport.fr\/en\/wp-json\/wp\/v2\/comments?post=4579"}],"wp:featuredmedia":[{"embeddable":true,"href":"https:\/\/mx-sport.fr\/en\/wp-json\/wp\/v2\/media\/4625"}],"wp:attachment":[{"href":"https:\/\/mx-sport.fr\/en\/wp-json\/wp\/v2\/media?parent=4579"}],"wp:term":[{"taxonomy":"product_brand","embeddable":true,"href":"https:\/\/mx-sport.fr\/en\/wp-json\/wp\/v2\/product_brand?post=4579"},{"taxonomy":"product_cat","embeddable":true,"href":"https:\/\/mx-sport.fr\/en\/wp-json\/wp\/v2\/product_cat?post=4579"},{"taxonomy":"product_tag","embeddable":true,"href":"https:\/\/mx-sport.fr\/en\/wp-json\/wp\/v2\/product_tag?post=4579"}],"curies":[{"name":"wp","href":"https:\/\/api.w.org\/{rel}","templated":true}]}}