{"id":4578,"date":"2026-02-04T14:06:28","date_gmt":"2026-02-04T13:06:28","guid":{"rendered":"https:\/\/mx-sport.fr\/?post_type=product&#038;p=4578"},"modified":"2026-02-04T17:28:04","modified_gmt":"2026-02-04T16:28:04","slug":"t-shirt-urban-zone-2026-edition-limitee","status":"publish","type":"product","link":"https:\/\/mx-sport.fr\/en\/product\/t-shirt-urban-zone-2026-edition-limitee\/","title":{"rendered":"T-shirt Urban Zone 2026 (\u00e9dition limit\u00e9e)"},"content":{"rendered":"<ul>\n<li><strong>T-shirt Urban Zone (\u00e9dition limit\u00e9e)<\/strong><br \/>\n70% Coton recycl\u00e9 30% Polyester recycl\u00e9<br \/>\n180 g\/m\u00b2<\/li>\n<\/ul>\n<p>&nbsp;<\/p>\n<ul>\n<li><strong>Washing Instructions :<\/strong><br \/>\nLavage \u00e0 40 degr\u00e9s maximum, T-Shirt retourn\u00e9. Laver les couleurs semblables ensemble. Ne pas utiliser de Javel. Ne pas s\u00e9cher au s\u00e8che-linge. Repassage doux. Ne pas nettoyer \u00e0 sec. Ne pas repasser sur les flocages.<\/li>\n<\/ul>","protected":false},"excerpt":{"rendered":"<p><strong>Pour le festival Urban Zone, MX Sport con\u00e7oit un t-shirt in\u00e9dit !<\/strong><\/p>\n<p>-une coupe sportive affut\u00e9e<\/p>\n<p>-un textile en coton recycl\u00e9<\/p>\n<p>-floqu\u00e9 \u00e0 la main avec les meilleurs flex du march\u00e9<\/p>\n<p>&nbsp;<\/p>\n<p><strong>Chaque achat est un soutien direct \u00e0 la Gravity Urban Cup.<\/strong><\/p>\n<p>L&rsquo;association Gravity vous remercie de contribuer au d\u00e9veloppement du Street Workout en France \u2764\ufe0f<\/p>","protected":false},"featured_media":4610,"comment_status":"open","ping_status":"closed","template":"","meta":[],"product_brand":[],"product_cat":[28],"product_tag":[47,78,48,45,49,44,50,51],"class_list":{"0":"post-4578","1":"product","2":"type-product","3":"status-publish","4":"has-post-thumbnail","6":"product_cat-vetements","7":"product_tag-47","8":"product_tag-atlas","9":"product_tag-setnrep","10":"product_tag-squat","11":"product_tag-street-lifting","12":"product_tag-t-shirt","13":"product_tag-textile","14":"product_tag-traction","16":"first","17":"instock","18":"featured","19":"shipping-taxable","20":"purchasable","21":"product-type-variable","22":"has-default-attributes"},"_links":{"self":[{"href":"https:\/\/mx-sport.fr\/en\/wp-json\/wp\/v2\/product\/4578","targetHints":{"allow":["GET"]}}],"collection":[{"href":"https:\/\/mx-sport.fr\/en\/wp-json\/wp\/v2\/product"}],"about":[{"href":"https:\/\/mx-sport.fr\/en\/wp-json\/wp\/v2\/types\/product"}],"replies":[{"embeddable":true,"href":"https:\/\/mx-sport.fr\/en\/wp-json\/wp\/v2\/comments?post=4578"}],"wp:featuredmedia":[{"embeddable":true,"href":"https:\/\/mx-sport.fr\/en\/wp-json\/wp\/v2\/media\/4610"}],"wp:attachment":[{"href":"https:\/\/mx-sport.fr\/en\/wp-json\/wp\/v2\/media?parent=4578"}],"wp:term":[{"taxonomy":"product_brand","embeddable":true,"href":"https:\/\/mx-sport.fr\/en\/wp-json\/wp\/v2\/product_brand?post=4578"},{"taxonomy":"product_cat","embeddable":true,"href":"https:\/\/mx-sport.fr\/en\/wp-json\/wp\/v2\/product_cat?post=4578"},{"taxonomy":"product_tag","embeddable":true,"href":"https:\/\/mx-sport.fr\/en\/wp-json\/wp\/v2\/product_tag?post=4578"}],"curies":[{"name":"wp","href":"https:\/\/api.w.org\/{rel}","templated":true}]}}