{"id":4335,"date":"2025-12-14T16:42:08","date_gmt":"2025-12-14T15:42:08","guid":{"rendered":"https:\/\/mx-sport.fr\/?post_type=product&#038;p=4335"},"modified":"2025-12-16T18:32:06","modified_gmt":"2025-12-16T17:32:06","slug":"mx-bag-tote-bag","status":"publish","type":"product","link":"https:\/\/mx-sport.fr\/en\/product\/mx-bag-tote-bag\/","title":{"rendered":"MX Bag &#8211; Tote Bag"},"content":{"rendered":"<p>Un petit sac 100% coton made in Morlaix.<\/p>\n<p><strong>-Petite taille<\/strong><br \/>\n\u2022 Longueur : 29cm<br \/>\n\u2022 Largeur : 25cm<\/p>\n<p><strong>-Grande taille<\/strong><br \/>\n\u2022 Longueur : 41cm<br \/>\n\u2022 Largeur : 35cm<\/p>","protected":false},"excerpt":{"rendered":"<p><strong>Le tote bag pour l&rsquo;\u00e9lite des sportifs.<\/strong><br \/>\nIl est \u00e0 l&rsquo;\u00e9preuve des balles, des explosions nucl\u00e9aires et m\u00eame de vos s\u00e9ances de sport les plus intenses.<\/p>\n<p><strong>Et en plus, le design est super cool.<br \/>\n<\/strong>Design\u00e9 depuis la Suisse par notre cher Ahmad.<\/p>\n<p>Chaque tote bag est floqu\u00e9 :<br \/>\n-avec Piggy sur la face avant<br \/>\n-et avec l&rsquo;\u00e9criture \u00ab\u00a0Calisthenics\u00a0\u00bb sur la face arri\u00e8re<\/p>\n<p><strong><span class=\"s2\">Id\u00e9al pour ranger sa magn\u00e9sie MXSPORT ou encore ses MX Bricks !<\/span><\/strong><\/p>","protected":false},"featured_media":4349,"comment_status":"open","ping_status":"closed","template":"","meta":[],"product_brand":[],"product_cat":[29],"product_tag":[],"class_list":{"0":"post-4335","1":"product","2":"type-product","3":"status-publish","4":"has-post-thumbnail","6":"product_cat-equipement-sportif","8":"first","9":"instock","10":"shipping-taxable","11":"purchasable","12":"product-type-variable","13":"has-default-attributes"},"_links":{"self":[{"href":"https:\/\/mx-sport.fr\/en\/wp-json\/wp\/v2\/product\/4335","targetHints":{"allow":["GET"]}}],"collection":[{"href":"https:\/\/mx-sport.fr\/en\/wp-json\/wp\/v2\/product"}],"about":[{"href":"https:\/\/mx-sport.fr\/en\/wp-json\/wp\/v2\/types\/product"}],"replies":[{"embeddable":true,"href":"https:\/\/mx-sport.fr\/en\/wp-json\/wp\/v2\/comments?post=4335"}],"wp:featuredmedia":[{"embeddable":true,"href":"https:\/\/mx-sport.fr\/en\/wp-json\/wp\/v2\/media\/4349"}],"wp:attachment":[{"href":"https:\/\/mx-sport.fr\/en\/wp-json\/wp\/v2\/media?parent=4335"}],"wp:term":[{"taxonomy":"product_brand","embeddable":true,"href":"https:\/\/mx-sport.fr\/en\/wp-json\/wp\/v2\/product_brand?post=4335"},{"taxonomy":"product_cat","embeddable":true,"href":"https:\/\/mx-sport.fr\/en\/wp-json\/wp\/v2\/product_cat?post=4335"},{"taxonomy":"product_tag","embeddable":true,"href":"https:\/\/mx-sport.fr\/en\/wp-json\/wp\/v2\/product_tag?post=4335"}],"curies":[{"name":"wp","href":"https:\/\/api.w.org\/{rel}","templated":true}]}}