{"id":4307,"date":"2025-11-20T21:12:30","date_gmt":"2025-11-20T20:12:30","guid":{"rendered":"https:\/\/mx-sport.fr\/?post_type=product&#038;p=4307"},"modified":"2025-12-18T13:51:56","modified_gmt":"2025-12-18T12:51:56","slug":"compression-manche-longue-shredd-2025","status":"publish","type":"product","link":"https:\/\/mx-sport.fr\/en\/product\/compression-manche-longue-shredd-2025\/","title":{"rendered":"Compression (Manche Longue) \u00ab\u00a0SHREDD\u00a0\u00bb 2025"},"content":{"rendered":"<ul>\n<li><strong>T-Shirt Compression \u00ab\u00a0SHREDD\u00a0\u00bb 2025<\/strong><br \/>\n90% Polyester<br \/>\n10% Spandex<\/li>\n<\/ul>\n<p>&nbsp;<\/p>\n<ul>\n<li><strong>Washing Instructions :<\/strong><br \/>\nLavage \u00e0 40 degr\u00e9s MAXIMUM. Laver les couleurs semblables ensemble. Ne pas utiliser de Javel. Ne pas s\u00e9cher au s\u00e8che-linge. Repassage doux. Ne pas nettoyer \u00e0 sec. Ne pas repasser sur les flocages.<\/li>\n<\/ul>","protected":false},"excerpt":{"rendered":"<blockquote><p>MX Sport vous \u00e9quipe pour l&rsquo;hiver avec ses hauts de compression \u00e0 manche longue !<\/p><\/blockquote>\n<p>&nbsp;<\/p>\n<p>Moulant et sobre, vous adorerez :<\/p>\n<p>-Its sharp cut for sporty silhouettes<\/p>\n<p>-Son tissu respirant pour l&rsquo;entra\u00eenement<\/p>\n<p>-Son look agressif avec le logo revisit\u00e9<\/p>\n<p>&nbsp;<\/p>\n<p>Pr\u00e9commande jusqu&rsquo;au 30 novembre.<\/p>\n<p>&nbsp;<\/p>\n<p>Size: Take your usual size<\/p>","protected":false},"featured_media":4310,"comment_status":"open","ping_status":"closed","template":"","meta":[],"product_brand":[],"product_cat":[28],"product_tag":[47,83,71,72,82,81,73,59,60,44,84],"class_list":{"0":"post-4307","1":"product","2":"type-product","3":"status-publish","4":"has-post-thumbnail","6":"product_cat-vetements","7":"product_tag-47","8":"product_tag-blanc","9":"product_tag-compression","10":"product_tag-moulant","11":"product_tag-noir","12":"product_tag-rouge","13":"product_tag-shredd","14":"product_tag-street","15":"product_tag-street-workout","16":"product_tag-t-shirt","17":"product_tag-tshirt","19":"first","20":"instock","21":"shipping-taxable","22":"purchasable","23":"product-type-variable","24":"has-default-attributes"},"_links":{"self":[{"href":"https:\/\/mx-sport.fr\/en\/wp-json\/wp\/v2\/product\/4307","targetHints":{"allow":["GET"]}}],"collection":[{"href":"https:\/\/mx-sport.fr\/en\/wp-json\/wp\/v2\/product"}],"about":[{"href":"https:\/\/mx-sport.fr\/en\/wp-json\/wp\/v2\/types\/product"}],"replies":[{"embeddable":true,"href":"https:\/\/mx-sport.fr\/en\/wp-json\/wp\/v2\/comments?post=4307"}],"wp:featuredmedia":[{"embeddable":true,"href":"https:\/\/mx-sport.fr\/en\/wp-json\/wp\/v2\/media\/4310"}],"wp:attachment":[{"href":"https:\/\/mx-sport.fr\/en\/wp-json\/wp\/v2\/media?parent=4307"}],"wp:term":[{"taxonomy":"product_brand","embeddable":true,"href":"https:\/\/mx-sport.fr\/en\/wp-json\/wp\/v2\/product_brand?post=4307"},{"taxonomy":"product_cat","embeddable":true,"href":"https:\/\/mx-sport.fr\/en\/wp-json\/wp\/v2\/product_cat?post=4307"},{"taxonomy":"product_tag","embeddable":true,"href":"https:\/\/mx-sport.fr\/en\/wp-json\/wp\/v2\/product_tag?post=4307"}],"curies":[{"name":"wp","href":"https:\/\/api.w.org\/{rel}","templated":true}]}}