{"id":2935,"date":"2024-12-27T11:28:12","date_gmt":"2024-12-27T10:28:12","guid":{"rendered":"https:\/\/mx-sport.fr\/?post_type=product&#038;p=2935"},"modified":"2026-03-08T21:51:53","modified_gmt":"2026-03-08T20:51:53","slug":"t-shirt-dips","status":"publish","type":"product","link":"https:\/\/mx-sport.fr\/en\/product\/t-shirt-dips\/","title":{"rendered":"T-Shirt \u00ab\u00a0Dips\u00a0\u00bb"},"content":{"rendered":"<ul>\n<li><strong>T-Shirt \u00ab\u00a0Back To Basic\u00a0\u00bb 2025<\/strong><br \/>\n70% Coton recycl\u00e9 30% Polyester recycl\u00e9<br \/>\n180 g\/m\u00b2<\/li>\n<\/ul>\n<p>&nbsp;<\/p>\n<ul>\n<li><strong>Washing Instructions :<\/strong><br \/>\nLavage \u00e0 40 degr\u00e9s maximum, T-Shirt retourn\u00e9. Laver les couleurs semblables ensemble. Ne pas utiliser de Javel. Ne pas s\u00e9cher au s\u00e8che-linge. Repassage doux. Ne pas nettoyer \u00e0 sec. Ne pas repasser sur les flocages.<\/li>\n<\/ul>","protected":false},"excerpt":{"rendered":"<p><strong>Retour aux fondamentaux avec la nouvelle collection \u00ab\u00a0Back To Basic\u00a0\u00bb de MX Sport !<\/strong><\/p>\n<p>-un design embl\u00e9matique par notre designer Ahmad<\/p>\n<p>-une coupe sportive affut\u00e9e<\/p>\n<p>-floqu\u00e9 \u00e0 la main avec les meilleurs flex du march\u00e9<\/p>\n<p><strong>Alors, plut\u00f4t Traction, Dips,<\/strong><strong> Squat ou Muscle-Up ?<\/strong><\/p>","protected":false},"featured_media":2976,"comment_status":"open","ping_status":"closed","template":"","meta":[],"product_brand":[],"product_cat":[28],"product_tag":[47,46,54,53,52,48,45,49,44,50,51],"class_list":{"0":"post-2935","1":"product","2":"type-product","3":"status-publish","4":"has-post-thumbnail","6":"product_cat-vetements","7":"product_tag-47","8":"product_tag-back-to-basic","9":"product_tag-basic","10":"product_tag-dips","11":"product_tag-pull-up","12":"product_tag-setnrep","13":"product_tag-squat","14":"product_tag-street-lifting","15":"product_tag-t-shirt","16":"product_tag-textile","17":"product_tag-traction","19":"first","20":"instock","21":"featured","22":"shipping-taxable","23":"purchasable","24":"product-type-variable","25":"has-default-attributes"},"_links":{"self":[{"href":"https:\/\/mx-sport.fr\/en\/wp-json\/wp\/v2\/product\/2935","targetHints":{"allow":["GET"]}}],"collection":[{"href":"https:\/\/mx-sport.fr\/en\/wp-json\/wp\/v2\/product"}],"about":[{"href":"https:\/\/mx-sport.fr\/en\/wp-json\/wp\/v2\/types\/product"}],"replies":[{"embeddable":true,"href":"https:\/\/mx-sport.fr\/en\/wp-json\/wp\/v2\/comments?post=2935"}],"wp:featuredmedia":[{"embeddable":true,"href":"https:\/\/mx-sport.fr\/en\/wp-json\/wp\/v2\/media\/2976"}],"wp:attachment":[{"href":"https:\/\/mx-sport.fr\/en\/wp-json\/wp\/v2\/media?parent=2935"}],"wp:term":[{"taxonomy":"product_brand","embeddable":true,"href":"https:\/\/mx-sport.fr\/en\/wp-json\/wp\/v2\/product_brand?post=2935"},{"taxonomy":"product_cat","embeddable":true,"href":"https:\/\/mx-sport.fr\/en\/wp-json\/wp\/v2\/product_cat?post=2935"},{"taxonomy":"product_tag","embeddable":true,"href":"https:\/\/mx-sport.fr\/en\/wp-json\/wp\/v2\/product_tag?post=2935"}],"curies":[{"name":"wp","href":"https:\/\/api.w.org\/{rel}","templated":true}]}}