{"id":2600,"date":"2024-08-19T16:23:18","date_gmt":"2024-08-19T14:23:18","guid":{"rendered":"https:\/\/mx-sport.fr\/?post_type=product&#038;p=2600"},"modified":"2026-01-18T15:17:09","modified_gmt":"2026-01-18T14:17:09","slug":"bob-morlaix","status":"publish","type":"product","link":"https:\/\/mx-sport.fr\/en\/product\/bob-morlaix\/","title":{"rendered":"Bob Morlaix"},"content":{"rendered":"<p><strong>Taille unique.<\/strong><\/p>\n<p>&nbsp;<\/p>\n<p><strong><em>Composants :<\/em> <\/strong><\/p>\n<p><em><span class=\"ILfuVd\" lang=\"fr\"><span class=\"hgKElc\">\u00c9<\/span><\/span>tiquette 100% cuir teint\u00e9, d\u00e9coup\u00e9e et cousue main sur le Bob \u00e0 Morlaix (29).<\/em><\/p>\n<p><em>Ext\u00e9rieur du Bob et lani\u00e8re en coton<\/em><\/p>\n<p><em>Int\u00e9rieur en polyester<\/em><\/p>\n<p><em>Ajusteur en inox<\/em><\/p>","protected":false},"excerpt":{"rendered":"<p>MXSport est fier de vous pr\u00e9senter son <strong>tout premier bob<\/strong>, votre nouvel alli\u00e9 pour rayonner \u00e9t\u00e9 comme hiver.<\/p>\n<p>&nbsp;<\/p>\n<p>Son design sobre et \u00e9pur\u00e9,<\/p>\n<p>sa taille ajustable,<\/p>\n<p>ainsi que sa touche d&rsquo;humour,<\/p>\n<p><strong>ne laissent personne indiff\u00e9rent !<\/strong><\/p>\n<p>&nbsp;<\/p>\n<p>Made in Morlaix.<\/p>","protected":false},"featured_media":4210,"comment_status":"open","ping_status":"closed","template":"","meta":[],"product_brand":[],"product_cat":[28],"product_tag":[],"class_list":{"0":"post-2600","1":"product","2":"type-product","3":"status-publish","4":"has-post-thumbnail","6":"product_cat-vetements","8":"first","9":"instock","10":"shipping-taxable","11":"purchasable","12":"product-type-variable","13":"has-default-attributes"},"_links":{"self":[{"href":"https:\/\/mx-sport.fr\/en\/wp-json\/wp\/v2\/product\/2600","targetHints":{"allow":["GET"]}}],"collection":[{"href":"https:\/\/mx-sport.fr\/en\/wp-json\/wp\/v2\/product"}],"about":[{"href":"https:\/\/mx-sport.fr\/en\/wp-json\/wp\/v2\/types\/product"}],"replies":[{"embeddable":true,"href":"https:\/\/mx-sport.fr\/en\/wp-json\/wp\/v2\/comments?post=2600"}],"wp:featuredmedia":[{"embeddable":true,"href":"https:\/\/mx-sport.fr\/en\/wp-json\/wp\/v2\/media\/4210"}],"wp:attachment":[{"href":"https:\/\/mx-sport.fr\/en\/wp-json\/wp\/v2\/media?parent=2600"}],"wp:term":[{"taxonomy":"product_brand","embeddable":true,"href":"https:\/\/mx-sport.fr\/en\/wp-json\/wp\/v2\/product_brand?post=2600"},{"taxonomy":"product_cat","embeddable":true,"href":"https:\/\/mx-sport.fr\/en\/wp-json\/wp\/v2\/product_cat?post=2600"},{"taxonomy":"product_tag","embeddable":true,"href":"https:\/\/mx-sport.fr\/en\/wp-json\/wp\/v2\/product_tag?post=2600"}],"curies":[{"name":"wp","href":"https:\/\/api.w.org\/{rel}","templated":true}]}}