{"id":2589,"date":"2024-07-26T23:50:58","date_gmt":"2024-07-26T21:50:58","guid":{"rendered":"https:\/\/mx-sport.fr\/?post_type=product&#038;p=2589"},"modified":"2026-04-09T07:19:39","modified_gmt":"2026-04-09T05:19:39","slug":"gravure-personnalisee","status":"publish","type":"product","link":"https:\/\/mx-sport.fr\/en\/product\/gravure-personnalisee\/","title":{"rendered":"Gravure personnalis\u00e9e"},"content":{"rendered":"<p>Personnalisez vos MX Bars et MX Bricks \u00e0 volont\u00e9 !<\/p>\n<p>&#8211; 3\u20ac par gravure textuelle<\/p>\n<p>&#8211; 6\u20ac par gravure d\u2019image<\/p>\n<p><em>Le tarif peut varier selon les retouches \u00e0 effectuer.<\/em><\/p>\n<p><strong>Contactez-nous par Instagram (<a href=\"https:\/\/www.instagram.com\/mxsport.fr\/?hl=fr\">@mxsport.fr<\/a>) pour nous d\u00e9crire la\/les gravures voulues.<\/strong><\/p>","protected":false},"excerpt":{"rendered":"<p>Personnalisez vos MX Bars et MX Bricks \u00e0 volont\u00e9 !<\/p>\n<p>&nbsp;<\/p>\n<p><em>Une image ? Votre instagram ? Un nom ?\u00a0<\/em><\/p>\n<p><em>Sur le dessus ? Les c\u00f4t\u00e9s ? Le devant ?<\/em><\/p>\n<p><strong>Les possibilit\u00e9s sont infinies !<\/strong><\/p>\n<p>&nbsp;<\/p>\n<p><strong>Contactez-nous par Instagram (<a href=\"https:\/\/www.instagram.com\/mxsport.fr\/?hl=fr\">@mxsport.fr<\/a>) pour nous d\u00e9crire la\/les gravures voulues.<\/strong><\/p>\n<p>&nbsp;<\/p>\n<p><strong>Gravure GRATUITE \u00e0 partir de 150\u20ac d&rsquo;achat.<\/strong><\/p>\n<p>&nbsp;<\/p>\n<p>Lors d&rsquo;\u00e9v\u00e9nements sportifs, vous pouvez \u00e9galement personnaliser votre mat\u00e9riel MXSport dans notre stand.<\/p>","protected":false},"featured_media":2659,"comment_status":"open","ping_status":"closed","template":"","meta":[],"product_brand":[],"product_cat":[29,15],"product_tag":[],"class_list":{"0":"post-2589","1":"product","2":"type-product","3":"status-publish","4":"has-post-thumbnail","6":"product_cat-equipement-sportif","7":"product_cat-non-classe","9":"first","10":"instock","11":"shipping-taxable","12":"purchasable","13":"product-type-variable"},"_links":{"self":[{"href":"https:\/\/mx-sport.fr\/en\/wp-json\/wp\/v2\/product\/2589","targetHints":{"allow":["GET"]}}],"collection":[{"href":"https:\/\/mx-sport.fr\/en\/wp-json\/wp\/v2\/product"}],"about":[{"href":"https:\/\/mx-sport.fr\/en\/wp-json\/wp\/v2\/types\/product"}],"replies":[{"embeddable":true,"href":"https:\/\/mx-sport.fr\/en\/wp-json\/wp\/v2\/comments?post=2589"}],"wp:featuredmedia":[{"embeddable":true,"href":"https:\/\/mx-sport.fr\/en\/wp-json\/wp\/v2\/media\/2659"}],"wp:attachment":[{"href":"https:\/\/mx-sport.fr\/en\/wp-json\/wp\/v2\/media?parent=2589"}],"wp:term":[{"taxonomy":"product_brand","embeddable":true,"href":"https:\/\/mx-sport.fr\/en\/wp-json\/wp\/v2\/product_brand?post=2589"},{"taxonomy":"product_cat","embeddable":true,"href":"https:\/\/mx-sport.fr\/en\/wp-json\/wp\/v2\/product_cat?post=2589"},{"taxonomy":"product_tag","embeddable":true,"href":"https:\/\/mx-sport.fr\/en\/wp-json\/wp\/v2\/product_tag?post=2589"}],"curies":[{"name":"wp","href":"https:\/\/api.w.org\/{rel}","templated":true}]}}