{"id":2055,"date":"2023-03-19T20:39:04","date_gmt":"2023-03-19T19:39:04","guid":{"rendered":"https:\/\/mx-sport.fr\/?post_type=product&#038;p=2055"},"modified":"2026-04-09T07:20:00","modified_gmt":"2026-04-09T05:20:00","slug":"mx-bars-practice-hetre","status":"publish","type":"product","link":"https:\/\/mx-sport.fr\/en\/product\/mx-bars-practice-hetre\/","title":{"rendered":"MX BARS PRACTICE \u2013 Beech"},"content":{"rendered":"<p><strong><u>Product description :<\/u><\/strong><\/p>\n<p class=\"p1\"><strong><span class=\"s2\">-Dimensions<\/span><\/strong><span class=\"s3\"><br \/>\nDiam\u00e8tre : 4cm<br \/>\nLongueur : 40cm<br \/>\nHauteur : 8,3cm<br \/>\nLargeur : 14cm<br \/>\nUseful length (handle): 35cm<\/span><\/p>\n<p class=\"p1\"><strong><span class=\"s2\">-Composition<\/span><\/strong><span class=\"s3\"><br \/>\nBeech wood and cork<\/span><\/p>\n<p class=\"p1\"><span class=\"s2\"><strong>-Poids<\/strong><br \/>\n<\/span>1,7kg la paire de MX-Bars<\/p>\n<p class=\"p1\"><span class=\"s2\"><strong>-Pour la performance\u00a0<\/strong><br \/>\n<\/span><span class=\"s3\">Les MX-Bars ont \u00e9volu\u00e9 au cours des ann\u00e9es pour correspondre aux athl\u00e8tes les plus exigeants. Le diam\u00e8tre, la stabilit\u00e9 et le grip vous conf\u00e8rent des performances in\u00e9gal\u00e9es.<\/span><\/p>\n<p class=\"p1\"><span class=\"s2\"><strong>-Production eco responsable\u00a0<\/strong><br \/>\n<\/span><span class=\"s3\">Les MX-Bars sont exclusivement compos\u00e9es de mat\u00e9riaux nobles (bois de h\u00eatre, li\u00e8ge). Elles ne sont pas vernies pour des raisons \u00e9cologiques et par respect pour l&rsquo;environnement. Cela n&rsquo;affecte absolument pas sa dur\u00e9e de vie.<\/span><\/p>\n<p class=\"p1\"><span class=\"s2\"><strong>-Produit artisanal<\/strong><br \/>\n<\/span><span class=\"s3\">Chaque pi\u00e8ce \u00e9tant unique et fabriqu\u00e9e \u00e0 la main, les dimensions sont susceptibles de varier l\u00e9g\u00e8rement.<\/span><\/p>","protected":false},"excerpt":{"rendered":"<p class=\"p1\"><span class=\"s1\">Les MX Bars PRACTICE sont des parallettes premium, fabriqu\u00e9es \u00e0 la main dans notre atelier en Bretagne.<\/span><\/p>\n<p class=\"p1\"><span class=\"s1\">Elles sont eco responsables, et \u00e9tudi\u00e9es pour la performance sportive. Le diam\u00e8tre et le grip ont \u00e9t\u00e9 adapt\u00e9s pour limiter le stress sur les poignets, et ainsi r\u00e9duire le risque de blessures.<\/span><\/p>\n<p class=\"p1\"><span class=\"s1\">Ce format interm\u00e9diaire \u00ab Practice \u00bb vous garanti robustesse et transportabilit\u00e9 \u00e0 un prix imbattable.<\/span><\/p>\n<p class=\"p1\"><em><span class=\"s1\">Les MX Bars Practice sont \u00e9ligibles \u00e0 la gravure personnalis\u00e9e. <a href=\"https:\/\/mx-sport.fr\/en\/product\/gravure-personnalisee\/\"><span class=\"s2\">En savoir plus<\/span><\/a><\/span><\/em><\/p>","protected":false},"featured_media":2071,"comment_status":"open","ping_status":"closed","template":"","meta":[],"product_brand":[],"product_cat":[29],"product_tag":[],"class_list":{"0":"post-2055","1":"product","2":"type-product","3":"status-publish","4":"has-post-thumbnail","6":"product_cat-equipement-sportif","8":"first","9":"instock","10":"shipping-taxable","11":"purchasable","12":"product-type-simple"},"_links":{"self":[{"href":"https:\/\/mx-sport.fr\/en\/wp-json\/wp\/v2\/product\/2055","targetHints":{"allow":["GET"]}}],"collection":[{"href":"https:\/\/mx-sport.fr\/en\/wp-json\/wp\/v2\/product"}],"about":[{"href":"https:\/\/mx-sport.fr\/en\/wp-json\/wp\/v2\/types\/product"}],"replies":[{"embeddable":true,"href":"https:\/\/mx-sport.fr\/en\/wp-json\/wp\/v2\/comments?post=2055"}],"wp:featuredmedia":[{"embeddable":true,"href":"https:\/\/mx-sport.fr\/en\/wp-json\/wp\/v2\/media\/2071"}],"wp:attachment":[{"href":"https:\/\/mx-sport.fr\/en\/wp-json\/wp\/v2\/media?parent=2055"}],"wp:term":[{"taxonomy":"product_brand","embeddable":true,"href":"https:\/\/mx-sport.fr\/en\/wp-json\/wp\/v2\/product_brand?post=2055"},{"taxonomy":"product_cat","embeddable":true,"href":"https:\/\/mx-sport.fr\/en\/wp-json\/wp\/v2\/product_cat?post=2055"},{"taxonomy":"product_tag","embeddable":true,"href":"https:\/\/mx-sport.fr\/en\/wp-json\/wp\/v2\/product_tag?post=2055"}],"curies":[{"name":"wp","href":"https:\/\/api.w.org\/{rel}","templated":true}]}}