{"id":548,"date":"2021-05-07T22:01:24","date_gmt":"2021-05-07T20:01:24","guid":{"rendered":"https:\/\/mx-sport.fr\/?page_id=548"},"modified":"2025-01-29T08:52:16","modified_gmt":"2025-01-29T07:52:16","slug":"mentions-legales","status":"publish","type":"page","link":"https:\/\/mx-sport.fr\/en\/mentions-legales\/","title":{"rendered":"Legal Notice"},"content":{"rendered":"\t\t<div data-elementor-type=\"wp-page\" data-elementor-id=\"548\" class=\"elementor elementor-548\" data-elementor-post-type=\"page\">\n\t\t\t\t\t\t<section class=\"elementor-section elementor-top-section elementor-element elementor-element-e76551b elementor-section-boxed elementor-section-height-default elementor-section-height-default\" data-id=\"e76551b\" data-element_type=\"section\" data-e-type=\"section\">\n\t\t\t\t\t\t<div class=\"elementor-container elementor-column-gap-default\">\n\t\t\t\t\t<div class=\"elementor-column elementor-col-100 elementor-top-column elementor-element elementor-element-0b1cd04\" data-id=\"0b1cd04\" data-element_type=\"column\" data-e-type=\"column\">\n\t\t\t<div class=\"elementor-widget-wrap elementor-element-populated\">\n\t\t\t\t\t\t<div class=\"elementor-element elementor-element-e28d50d elementor-widget elementor-widget-text-editor\" data-id=\"e28d50d\" data-element_type=\"widget\" data-e-type=\"widget\" data-widget_type=\"text-editor.default\">\n\t\t\t\t<div class=\"elementor-widget-container\">\n\t\t\t\t\t\t\t\t\t<h2><b>1 &#8211; \u00c9dition du site<\/b><\/h2>\n<p><span style=\"font-weight: 400;\">En vertu de <\/span><a href=\"https:\/\/www.legifrance.gouv.fr\/affichTexte.do?cidTexte=JORFTEXT000000801164#LEGIARTI000042038977\"><span style=\"font-weight: 400;\">l&rsquo;article 6 de la loi n\u00b0 2004-575 du 21 juin 2004<\/span><\/a><span style=\"font-weight: 400;\"> pour la confiance dans l&rsquo;\u00e9conomie num\u00e9rique, il est pr\u00e9cis\u00e9 aux utilisateurs du site internet <\/span><b>https:\/\/www.mx-sport.fr\/<\/b><span style=\"font-weight: 400;\"> l&rsquo;identit\u00e9 des diff\u00e9rents intervenants dans le cadre de sa r\u00e9alisation et de son suivi:<\/span><\/p>\n<p><b>Propri\u00e9taire du site : <\/b><span style=\"font-weight: 400;\">Jolan Faucheur &#8211; Micro entreprise &#8211; Contact : contact.mxsport@gmail.com 0626607356 &#8211; Adresse : 77 rue Leon Gambetta, Morlaix 29600<\/span><\/p>\n<p><b>Identification de l&rsquo;entreprise :<\/b><span style=\"font-weight: 400;\"> Jolan Faucheur Jolan Faucheur &#8211; Micro entreprise au capital social de 0\u20ac &#8211; SIREN : 891978777 &#8211; RCS ou RM : &#8211; Adresse postale :&nbsp;<\/span>77 rue Leon Gambetta, Morlaix 29600<span style=\"font-weight: 400;\">&nbsp;&#8211; https:\/\/mx-sport.fr\/cgv\/&nbsp;<\/span><\/p>\n<p><b>Directeur de la publication :&nbsp;<\/b><span style=\"color: var( --e-global-color-secondary ); font-family: var( --e-global-typography-text-font-family ), infinium guardian; font-weight: var( --e-global-typography-text-font-weight ); font-size: 1rem;\">Jolan Faucheur<\/span><\/p>\n<p><b>H\u00e9bergeur :<\/b><span style=\"font-weight: 400;\"> OVH SAS &#8211; 2 rue Kellermann &#8211; BP 80157 &#8211; 59053 Roubaix Cedex 1 &#8211; T\u00e9l\u00e9phone : 1007<\/span><\/p>\n<p><b>D\u00e9l\u00e9gu\u00e9 \u00e0 la protection des donn\u00e9es : <\/b><span style=\"font-weight: 400;\">Jolan Faucheur &#8211; contact@mx-sport.fr<\/span><\/p>\n<p><b>Autres contributeurs :<\/b><\/p>\n<h2><b>2 &#8211; Propri\u00e9t\u00e9 intellectuelle et contrefa\u00e7ons.<\/b><\/h2>\n<p><b>Jolan Faucheur &#8211; Micro entreprise<\/b><span style=\"font-weight: 400;\"> est propri\u00e9taire des droits de propri\u00e9t\u00e9 intellectuelle et d\u00e9tient les droits d\u2019usage sur tous les \u00e9l\u00e9ments accessibles sur le site internet, notamment les textes, images, graphismes, logos, vid\u00e9os, architecture, ic\u00f4nes et sons.<\/span><\/p>\n<p><span style=\"font-weight: 400;\">Toute reproduction, repr\u00e9sentation, modification, publication, adaptation de tout ou partie des \u00e9l\u00e9ments du site, quel que soit le moyen ou le proc\u00e9d\u00e9 utilis\u00e9, est interdite, sauf autorisation \u00e9crite pr\u00e9alable de <\/span><b>Jolan Faucheur &#8211; Micro entreprise<\/b><span style=\"font-weight: 400;\">.<\/span><\/p>\n<p><span style=\"font-weight: 400;\">Toute exploitation non autoris\u00e9e du site ou de l\u2019un quelconque des \u00e9l\u00e9ments qu\u2019il contient sera consid\u00e9r\u00e9e comme constitutive d\u2019une contrefa\u00e7on et poursuivie conform\u00e9ment aux dispositions des articles <\/span><a href=\"https:\/\/www.legifrance.gouv.fr\/affichCodeArticle.do?idArticle=LEGIARTI000032655082&amp;cidTexte=LEGITEXT000006069414&amp;dateTexte=20160605\"><span style=\"font-weight: 400;\">L.335-2 et suivants du Code de Propri\u00e9t\u00e9 Intellectuelle<\/span><\/a><span style=\"font-weight: 400;\">.<\/span><\/p>\n<h2><b>3 &#8211; Limitations de responsabilit\u00e9.<\/b><\/h2>\n<p><b>Jolan Faucheur &#8211; Micro entreprise<\/b><span style=\"font-weight: 400;\"> ne pourra \u00eatre tenu pour responsable des dommages directs et indirects caus\u00e9s au mat\u00e9riel de l\u2019utilisateur, lors de l\u2019acc\u00e8s au site <\/span><b>https:\/\/www.mx-sport.fr\/<\/b><span style=\"font-weight: 400;\">.<\/span><\/p>\n<p><b>Jolan Faucheur &#8211; Micro entreprise<\/b><span style=\"font-weight: 400;\"> d\u00e9cline toute responsabilit\u00e9 quant \u00e0 l\u2019utilisation qui pourrait \u00eatre faite des informations et contenus pr\u00e9sents sur <\/span><b>https:\/\/www.mx-sport.fr\/<\/b><span style=\"font-weight: 400;\">.<\/span><\/p>\n<p><b>Jolan Faucheur &#8211; Micro entreprise<\/b><span style=\"font-weight: 400;\"> s\u2019engage \u00e0 s\u00e9curiser au mieux le site <\/span><b>https:\/\/www.mx-sport.fr\/<\/b><span style=\"font-weight: 400;\">, cependant sa responsabilit\u00e9 ne pourra \u00eatre mise en cause si des donn\u00e9es ind\u00e9sirables sont import\u00e9es et install\u00e9es sur son site \u00e0 son insu.<\/span><\/p>\n<p><span style=\"font-weight: 400;\">Des espaces interactifs (espace contact ou commentaires) sont \u00e0 la disposition des utilisateurs. <\/span><b>Jolan Faucheur &#8211; Micro entreprise<\/b><span style=\"font-weight: 400;\"> se r\u00e9serve le droit de supprimer, sans mise en demeure pr\u00e9alable, tout contenu d\u00e9pos\u00e9 dans cet espace qui contreviendrait \u00e0 la l\u00e9gislation applicable en France, en particulier aux dispositions relatives \u00e0 la protection des donn\u00e9es.<\/span><\/p>\n<p><span style=\"font-weight: 400;\">Le cas \u00e9ch\u00e9ant, <\/span><b>Jolan Faucheur &#8211; Micro entreprise<\/b><span style=\"font-weight: 400;\"> se r\u00e9serve \u00e9galement la possibilit\u00e9 de mettre en cause la responsabilit\u00e9 civile et\/ou p\u00e9nale de l\u2019utilisateur, notamment en cas de message \u00e0 caract\u00e8re raciste, injurieux, diffamant, ou pornographique, quel que soit le support utilis\u00e9 (texte, photographie \u2026).<\/span><\/p>\n<h2><b>4 &#8211; CNIL et gestion des donn\u00e9es personnelles.<\/b><\/h2>\n<p><span style=\"font-weight: 400;\">Conform\u00e9ment aux dispositions de <\/span><a href=\"https:\/\/www.legifrance.gouv.fr\/affichTexte.do?cidTexte=JORFTEXT000000886460\"><span style=\"font-weight: 400;\">la loi 78-17 du 6 janvier 1978 modifi\u00e9e<\/span><\/a><span style=\"font-weight: 400;\">, l\u2019utilisateur du site <\/span><b>https:\/\/www.mx-sport.fr\/<\/b><span style=\"font-weight: 400;\"> dispose d\u2019un droit d\u2019acc\u00e8s, de modification et de suppression des informations collect\u00e9es. Pour exercer ce droit, envoyez un message \u00e0 notre D\u00e9l\u00e9gu\u00e9 \u00e0 la Protection des Donn\u00e9es : <\/span><b>Jolan Faucheur<\/b><span style=\"font-weight: 400;\"> &#8211; <\/span><b>contact.mxsport@gmail.com<\/b><\/p>\n<p><span style=\"font-weight: 400;\">Pour plus d&rsquo;informations sur la fa\u00e7on dont nous traitons vos donn\u00e9es (type de donn\u00e9es, finalit\u00e9, destinataire&#8230;), lisez notre <\/span><b>https:\/\/mx-sport.fr\/cgv\/<\/b><span style=\"font-weight: 400;\">. <\/span><span style=\"font-weight: 400;\">[Consignes : ajoutez ici le lien hypertexte vers votre politique de confidentialit\u00e9]<\/span><\/p>\n<h2><b>5 &#8211; Liens hypertextes et cookies<\/b><\/h2>\n<p><span style=\"font-weight: 400;\">Le site <\/span><b>https:\/\/www.mx-sport.fr\/<\/b><span style=\"font-weight: 400;\"> contient des liens hypertextes vers d\u2019autres sites et d\u00e9gage toute responsabilit\u00e9 \u00e0 propos de ces liens externes ou des liens cr\u00e9\u00e9s par d\u2019autres sites vers <\/span><b>https:\/\/www.mx-sport.fr\/<\/b><span style=\"font-weight: 400;\">.<\/span><\/p>\n<p><span style=\"font-weight: 400;\">La navigation sur le site <\/span><b>https:\/\/www.mx-sport.fr\/<\/b><span style=\"font-weight: 400;\"> est susceptible de provoquer l\u2019installation de cookie(s) sur l\u2019ordinateur de l\u2019utilisateur.<\/span><\/p>\n<p><span style=\"font-weight: 400;\">Un \u00ab\u00a0cookie\u00a0\u00bb est un fichier de petite taille qui enregistre des informations relatives \u00e0 la navigation d\u2019un utilisateur sur un site. Les donn\u00e9es ainsi obtenues permettent d&rsquo;obtenir des mesures de fr\u00e9quentation, par exemple.<\/span><\/p>\n<p><span style=\"font-weight: 400;\">Vous avez la possibilit\u00e9 <\/span><b>d\u2019accepter ou de refuser les cookies<\/b><span style=\"font-weight: 400;\"> en modifiant les param\u00e8tres de votre navigateur. Aucun cookie ne sera d\u00e9pos\u00e9 sans votre consentement.<\/span><\/p>\n<p><span style=\"font-weight: 400;\">Les cookies sont enregistr\u00e9s pour une dur\u00e9e maximale de 12 mois.<\/span><\/p>\n<p><span style=\"font-weight: 400;\">Pour plus d&rsquo;informations sur la fa\u00e7on dont nous faisons usage des cookies, lisez notre <\/span><b>https:\/\/mx-sport.fr\/cgv\/<\/b><span style=\"font-weight: 400;\">. <\/span><span style=\"font-weight: 400;\">[Consignes : ajoutez ici le lien hypertexte vers votre politique de confidentialit\u00e9 ou vers votre politique de cookies si vous en avez une (c&rsquo;est le cas si vous utilisez Complianz)]<\/span><\/p>\n<h2><b>6 &#8211; Droit applicable et attribution de juridiction.<\/b><\/h2>\n<p><span style=\"font-weight: 400;\">Tout litige en relation avec l\u2019utilisation du site <\/span><b>https:\/\/www.mx-sport.fr\/<\/b><span style=\"font-weight: 400;\"> est soumis au droit fran\u00e7ais. En dehors des cas o\u00f9 la loi ne le permet pas, il est fait attribution exclusive de juridiction aux tribunaux comp\u00e9tents de <\/span><b>Saint Brieuc<\/b><span style=\"font-weight: 400;\">.<\/span><\/p>\t\t\t\t\t\t\t\t<\/div>\n\t\t\t\t<\/div>\n\t\t\t\t\t<\/div>\n\t\t<\/div>\n\t\t\t\t\t<\/div>\n\t\t<\/section>\n\t\t\t\t<\/div>\n\t\t","protected":false},"excerpt":{"rendered":"<p>1 &#8211; \u00c9dition du site En vertu de l&rsquo;article 6 de la loi n\u00b0 2004-575 du 21 juin 2004 pour la confiance dans l&rsquo;\u00e9conomie num\u00e9rique, il est pr\u00e9cis\u00e9 aux utilisateurs du site internet https:\/\/www.mx-sport.fr\/ l&rsquo;identit\u00e9 des diff\u00e9rents intervenants dans le cadre de sa r\u00e9alisation et de son suivi: Propri\u00e9taire du site : Jolan Faucheur &#8211; [&hellip;]<\/p>\n","protected":false},"author":1,"featured_media":0,"parent":0,"menu_order":0,"comment_status":"closed","ping_status":"closed","template":"","meta":{"footnotes":""},"class_list":["post-548","page","type-page","status-publish","hentry"],"_links":{"self":[{"href":"https:\/\/mx-sport.fr\/en\/wp-json\/wp\/v2\/pages\/548","targetHints":{"allow":["GET"]}}],"collection":[{"href":"https:\/\/mx-sport.fr\/en\/wp-json\/wp\/v2\/pages"}],"about":[{"href":"https:\/\/mx-sport.fr\/en\/wp-json\/wp\/v2\/types\/page"}],"author":[{"embeddable":true,"href":"https:\/\/mx-sport.fr\/en\/wp-json\/wp\/v2\/users\/1"}],"replies":[{"embeddable":true,"href":"https:\/\/mx-sport.fr\/en\/wp-json\/wp\/v2\/comments?post=548"}],"version-history":[{"count":22,"href":"https:\/\/mx-sport.fr\/en\/wp-json\/wp\/v2\/pages\/548\/revisions"}],"predecessor-version":[{"id":3396,"href":"https:\/\/mx-sport.fr\/en\/wp-json\/wp\/v2\/pages\/548\/revisions\/3396"}],"wp:attachment":[{"href":"https:\/\/mx-sport.fr\/en\/wp-json\/wp\/v2\/media?parent=548"}],"curies":[{"name":"wp","href":"https:\/\/api.w.org\/{rel}","templated":true}]}}